{"id":187,"date":"2024-03-14T12:59:41","date_gmt":"2024-03-14T12:59:41","guid":{"rendered":"https:\/\/digitaldeepsea.com\/es\/?page_id=187"},"modified":"2024-03-19T04:59:16","modified_gmt":"2024-03-19T04:59:16","slug":"politica-de-privacidad","status":"publish","type":"page","link":"https:\/\/digitaldeepsea.com\/es\/politica-de-privacidad\/","title":{"rendered":"Pol\u00edtica de privacidad"},"content":{"rendered":"\r\n<p><strong>Introducci\u00f3n<\/strong><\/p>\r\n\r\n\r\n\r\n<p>Con el desarrollo de nuevas herramientas de\r\ncomunicaci\u00f3n, es necesario prestar especial atenci\u00f3n a la protecci\u00f3n de la\r\nprivacidad. Por esta raz\u00f3n, nos comprometemos a respetar la confidencialidad de\r\nla informaci\u00f3n personal que recogemos y a publicar la pol\u00edtica de\r\nconfidencialidad de Digital Deep Sea en nuestra p\u00e1gina web. <\/p>\r\n\r\n\r\n\r\n<p>Recopilaci\u00f3n de informaci\u00f3n personal<\/p>\r\n\r\n\r\n\r\n<p>Recopilamos la siguiente informaci\u00f3n:<\/p>\r\n\r\n\r\n\r\n<p>Nombre<\/p>\r\n\r\n\r\n\r\n<p>Apellido<\/p>\r\n\r\n\r\n\r\n<p>Direcci\u00f3n postal<\/p>\r\n\r\n\r\n\r\n<p>C\u00f3digo postal<\/p>\r\n\r\n\r\n\r\n<p>Direcci\u00f3n de correo electr\u00f3nico<\/p>\r\n\r\n\r\n\r\n<p>N\u00famero de tel\u00e9fono \/ fax<\/p>\r\n\r\n\r\n\r\n<p>Estatutos (profesional o consumidor)<\/p>\r\n\r\n\r\n\r\n<p>G\u00e9nero \/ Sexo<\/p>\r\n\r\n\r\n\r\n<p>Edad \/ Fecha de nacimiento<\/p>\r\n\r\n\r\n\r\n<p>La informaci\u00f3n personal es recogida a trav\u00e9s\r\nde formularios y a trav\u00e9s de la interactividad establecida entre usted y nuestra\r\nweb. Tambi\u00e9n utilizamos, como se describe en la siguiente secci\u00f3n, cookies y\/o\r\nregistros para recopilar informaci\u00f3n sobre usted.<\/p>\r\n\r\n\r\n\r\n<p>Formas e interactividad establecida:<\/p>\r\n\r\n\r\n\r\n<p>Sus datos personales se recogen a trav\u00e9s de\r\nformularios, es decir:<\/p>\r\n\r\n\r\n\r\n<ul><li>Formulario de registro en la web<\/li><li>Formulario de pedido<\/li><li>Encuesta de opini\u00f3n<\/li><\/ul>\r\n\r\n\r\n\r\n<p>Utilizamos la informaci\u00f3n recogida para los\r\nsiguientes fines:<\/p>\r\n\r\n\r\n\r\n<ul><li>Seguimiento del pedido<\/li><li>Informaci\u00f3n \/ Ofertas\r\npromocionales<\/li><li>Informaci\u00f3n de contacto<\/li><\/ul>\r\n\r\n\r\n\r\n<p>Su informaci\u00f3n tambi\u00e9n se recopila a trav\u00e9s de\r\nla interactividad que se puede establecer entre usted y nuestro web de la\r\nsiguiente manera:<\/p>\r\n\r\n\r\n\r\n<ul><li>Informaci\u00f3n de contacto<\/li><\/ul>\r\n\r\n\r\n\r\n<p>Utilizamos la informaci\u00f3n recogida para los\r\nsiguientes fines:<\/p>\r\n\r\n\r\n\r\n<ul><li>Comentarios sobre el informe<\/li><li>Correspondencia<\/li><li>Informaci\u00f3n para ofertas\r\npromocionales<\/li><\/ul>\r\n\r\n\r\n\r\n<p>Derecho de oposici\u00f3n y de cancelaci\u00f3n<\/p>\r\n\r\n\r\n\r\n<p>Nos comprometemos a proporcionarle el derecho\r\na rechazar y cancelar su informaci\u00f3n personal.<\/p>\r\n\r\n\r\n\r\n<p>El derecho de rechazo se define como la\r\nposibilidad ofrecida a los usuarios de Internet de negarse a que sus datos\r\npersonales sean utilizados para determinados fines mencionados en el momento de\r\nla recogida.<\/p>\r\n\r\n\r\n\r\n<p>El derecho de cancelaci\u00f3n se define como la\r\nposibilidad ofrecida a los usuarios de Internet de solicitar que sus datos\r\npersonales dejen de aparecer, por ejemplo, en una lista de correo. <\/p>\r\n\r\n\r\n\r\n<p>Para poder ejercer estos derechos, puede\r\nhacerlo:<\/p>\r\n\r\n\r\n\r\n<p>C\u00f3digo postal: 6 Farleigh Court, Old Weston Rd\r\nFlax Bourton, Somerset, BS48 1UR<\/p>\r\n\r\n\r\n\r\n<p>Correo electr\u00f3nico: <a href=\"mailto:sales@localhost\">sales@localhost<\/a><\/p>\r\n\r\n\r\n\r\n<p>Tel\u00e9fono: 914 198 040<\/p>\r\n\r\n\r\n\r\n<p>Secci\u00f3n web: <a href=\"https:\/\/digitaldeepsea.com\">https:\/\/digitaldeepsea.com<\/a><\/p>\r\n\r\n\r\n\r\n<p>Derecho de acceso<\/p>\r\n\r\n\r\n\r\n<p>Nos comprometemos a reconocer el derecho de\r\nacceder, modificar o incluso borrar la informaci\u00f3n que les concierne.<\/p>\r\n\r\n\r\n\r\n<p>El ejercicio de este derecho podr\u00e1 realizarse:<\/p>\r\n\r\n\r\n\r\n<p>C\u00f3digo postal: The Technology Centre, Failand Farm,\r\nFailand, Bristol BS8 3TR<\/p>\r\n\r\n\r\n\r\n<p>Correo electr\u00f3nico: <a href=\"mailto:sales@localhost\">sales@localhost<\/a><\/p>\r\n\r\n\r\n\r\n<p>Secci\u00f3n del sitio web:\r\nhttps:\/\/digitaldeepsea.com<\/p>\r\n\r\n\r\n\r\n<p>Seguridad de sus datos<\/p>\r\n\r\n\r\n\r\n<p>Nos comprometemos a asegurar que la\r\ninformaci\u00f3n de car\u00e1cter personal que recibimos se almacena en un entorno\r\nseguro. Las personas que trabajan para nosotros est\u00e1n obligadas a respetar la\r\nconfidencialidad de su informaci\u00f3n.<\/p>\r\n\r\n\r\n\r\n<p>Para garantizar la seguridad de su informaci\u00f3n\r\npersonal, utilizamos las siguientes medidas:<\/p>\r\n\r\n\r\n\r\n<p>Protocolo SSL (Secure Sockets Layer)<\/p>\r\n\r\n\r\n\r\n<p>Protocolo SET (Secure Electronic Transaction)<\/p>\r\n\r\n\r\n\r\n<p>Gesti\u00f3n de acceso &#8211; persona autorizada<\/p>\r\n\r\n\r\n\r\n<p>Gesti\u00f3n de accesos &#8211; Titular de los datos<\/p>\r\n\r\n\r\n\r\n<p>Respaldo de Computadoras<\/p>\r\n\r\n\r\n\r\n<p>Desarrollo de certificados digitales<\/p>\r\n\r\n\r\n\r\n<p>Identificaci\u00f3n \/ Contrase\u00f1a<\/p>\r\n\r\n\r\n\r\n<p>Cortafuegos (Firewalls) <\/p>\r\n\r\n\r\n\r\n<p>Nos comprometemos a mantener un alto nivel de\r\nconfidencialidad incorporando las \u00faltimas innovaciones tecnol\u00f3gicas para\r\nasegurar la confidencialidad de sus transacciones. Sin embargo, dado que no\r\nexiste un mecanismo \u00fanico que ofrezca la m\u00e1xima seguridad, siempre existe\r\ncierto riesgo cuando se utiliza Internet para transmitir informaci\u00f3n personal.<\/p>\r\n","protected":false},"excerpt":{"rendered":"<p>Introducci\u00f3n Con el desarrollo de nuevas herramientas de comunicaci\u00f3n, es necesario prestar especial atenci\u00f3n a la protecci\u00f3n de la privacidad. Por esta raz\u00f3n, nos comprometemos a respetar la confidencialidad de la informaci\u00f3n personal que recogemos y a publicar la pol\u00edtica de confidencialidad de Digital Deep Sea en nuestra p\u00e1gina web. Recopilaci\u00f3n de informaci\u00f3n personal Recopilamos &hellip;<\/p>\n","protected":false},"author":1,"featured_media":0,"parent":0,"menu_order":0,"comment_status":"closed","ping_status":"closed","template":"","meta":{"footnotes":""},"yoast_head":"<!-- This site is optimized with the Yoast SEO plugin v22.7 - https:\/\/yoast.com\/wordpress\/plugins\/seo\/ -->\n<title>Pol\u00edtica de privacidad - Digital Deep Sea Espa\u00f1ol<\/title>\n<meta name=\"robots\" content=\"index, follow, max-snippet:-1, max-image-preview:large, max-video-preview:-1\" \/>\n<link rel=\"canonical\" href=\"https:\/\/digitaldeepsea.com\/es\/politica-de-privacidad\/\" \/>\n<meta property=\"og:locale\" content=\"es_ES\" \/>\n<meta property=\"og:type\" content=\"article\" \/>\n<meta property=\"og:title\" content=\"Pol\u00edtica de privacidad - Digital Deep Sea Espa\u00f1ol\" \/>\n<meta property=\"og:description\" content=\"Introducci\u00f3n Con el desarrollo de nuevas herramientas de comunicaci\u00f3n, es necesario prestar especial atenci\u00f3n a la protecci\u00f3n de la privacidad. Por esta raz\u00f3n, nos comprometemos a respetar la confidencialidad de la informaci\u00f3n personal que recogemos y a publicar la pol\u00edtica de confidencialidad de Digital Deep Sea en nuestra p\u00e1gina web. Recopilaci\u00f3n de informaci\u00f3n personal Recopilamos &hellip;\" \/>\n<meta property=\"og:url\" content=\"https:\/\/digitaldeepsea.com\/es\/politica-de-privacidad\/\" \/>\n<meta property=\"og:site_name\" content=\"Digital Deep Sea Espa\u00f1ol\" \/>\n<meta property=\"article:modified_time\" content=\"2024-03-19T04:59:16+00:00\" \/>\n<meta name=\"twitter:card\" content=\"summary_large_image\" \/>\n<meta name=\"twitter:label1\" content=\"Tiempo de lectura\" \/>\n\t<meta name=\"twitter:data1\" content=\"3 minutos\" \/>\n<script type=\"application\/ld+json\" class=\"yoast-schema-graph\">{\"@context\":\"https:\/\/schema.org\",\"@graph\":[{\"@type\":\"WebPage\",\"@id\":\"https:\/\/digitaldeepsea.com\/es\/politica-de-privacidad\/\",\"url\":\"https:\/\/digitaldeepsea.com\/es\/politica-de-privacidad\/\",\"name\":\"Pol\u00edtica de privacidad - Digital Deep Sea Espa\u00f1ol\",\"isPartOf\":{\"@id\":\"https:\/\/digitaldeepsea.com\/es\/#website\"},\"datePublished\":\"2024-03-14T12:59:41+00:00\",\"dateModified\":\"2024-03-19T04:59:16+00:00\",\"breadcrumb\":{\"@id\":\"https:\/\/digitaldeepsea.com\/es\/politica-de-privacidad\/#breadcrumb\"},\"inLanguage\":\"es\",\"potentialAction\":[{\"@type\":\"ReadAction\",\"target\":[\"https:\/\/digitaldeepsea.com\/es\/politica-de-privacidad\/\"]}]},{\"@type\":\"BreadcrumbList\",\"@id\":\"https:\/\/digitaldeepsea.com\/es\/politica-de-privacidad\/#breadcrumb\",\"itemListElement\":[{\"@type\":\"ListItem\",\"position\":1,\"name\":\"Home\",\"item\":\"https:\/\/digitaldeepsea.com\/es\/\"},{\"@type\":\"ListItem\",\"position\":2,\"name\":\"Pol\u00edtica de privacidad\"}]},{\"@type\":\"WebSite\",\"@id\":\"https:\/\/digitaldeepsea.com\/es\/#website\",\"url\":\"https:\/\/digitaldeepsea.com\/es\/\",\"name\":\"Digital Deep Sea\",\"description\":\"\",\"publisher\":{\"@id\":\"https:\/\/digitaldeepsea.com\/es\/#organization\"},\"potentialAction\":[{\"@type\":\"SearchAction\",\"target\":{\"@type\":\"EntryPoint\",\"urlTemplate\":\"https:\/\/digitaldeepsea.com\/es\/?s={search_term_string}\"},\"query-input\":\"required name=search_term_string\"}],\"inLanguage\":\"es\"},{\"@type\":\"Organization\",\"@id\":\"https:\/\/digitaldeepsea.com\/es\/#organization\",\"name\":\"Digital Deep Sea\",\"url\":\"https:\/\/digitaldeepsea.com\/es\/\",\"logo\":{\"@type\":\"ImageObject\",\"inLanguage\":\"es\",\"@id\":\"https:\/\/digitaldeepsea.com\/es\/#\/schema\/logo\/image\/\",\"url\":\"https:\/\/digitaldeepsea.com\/es\/wp-content\/uploads\/sites\/3\/2024\/03\/logo_dy_outline_white.png\",\"contentUrl\":\"https:\/\/digitaldeepsea.com\/es\/wp-content\/uploads\/sites\/3\/2024\/03\/logo_dy_outline_white.png\",\"width\":200,\"height\":114,\"caption\":\"Digital Deep Sea\"},\"image\":{\"@id\":\"https:\/\/digitaldeepsea.com\/es\/#\/schema\/logo\/image\/\"}}]}<\/script>\n<!-- \/ Yoast SEO plugin. -->","yoast_head_json":{"title":"Pol\u00edtica de privacidad - Digital Deep Sea Espa\u00f1ol","robots":{"index":"index","follow":"follow","max-snippet":"max-snippet:-1","max-image-preview":"max-image-preview:large","max-video-preview":"max-video-preview:-1"},"canonical":"https:\/\/digitaldeepsea.com\/es\/politica-de-privacidad\/","og_locale":"es_ES","og_type":"article","og_title":"Pol\u00edtica de privacidad - Digital Deep Sea Espa\u00f1ol","og_description":"Introducci\u00f3n Con el desarrollo de nuevas herramientas de comunicaci\u00f3n, es necesario prestar especial atenci\u00f3n a la protecci\u00f3n de la privacidad. Por esta raz\u00f3n, nos comprometemos a respetar la confidencialidad de la informaci\u00f3n personal que recogemos y a publicar la pol\u00edtica de confidencialidad de Digital Deep Sea en nuestra p\u00e1gina web. Recopilaci\u00f3n de informaci\u00f3n personal Recopilamos &hellip;","og_url":"https:\/\/digitaldeepsea.com\/es\/politica-de-privacidad\/","og_site_name":"Digital Deep Sea Espa\u00f1ol","article_modified_time":"2024-03-19T04:59:16+00:00","twitter_card":"summary_large_image","twitter_misc":{"Tiempo de lectura":"3 minutos"},"schema":{"@context":"https:\/\/schema.org","@graph":[{"@type":"WebPage","@id":"https:\/\/digitaldeepsea.com\/es\/politica-de-privacidad\/","url":"https:\/\/digitaldeepsea.com\/es\/politica-de-privacidad\/","name":"Pol\u00edtica de privacidad - Digital Deep Sea Espa\u00f1ol","isPartOf":{"@id":"https:\/\/digitaldeepsea.com\/es\/#website"},"datePublished":"2024-03-14T12:59:41+00:00","dateModified":"2024-03-19T04:59:16+00:00","breadcrumb":{"@id":"https:\/\/digitaldeepsea.com\/es\/politica-de-privacidad\/#breadcrumb"},"inLanguage":"es","potentialAction":[{"@type":"ReadAction","target":["https:\/\/digitaldeepsea.com\/es\/politica-de-privacidad\/"]}]},{"@type":"BreadcrumbList","@id":"https:\/\/digitaldeepsea.com\/es\/politica-de-privacidad\/#breadcrumb","itemListElement":[{"@type":"ListItem","position":1,"name":"Home","item":"https:\/\/digitaldeepsea.com\/es\/"},{"@type":"ListItem","position":2,"name":"Pol\u00edtica de privacidad"}]},{"@type":"WebSite","@id":"https:\/\/digitaldeepsea.com\/es\/#website","url":"https:\/\/digitaldeepsea.com\/es\/","name":"Digital Deep Sea","description":"","publisher":{"@id":"https:\/\/digitaldeepsea.com\/es\/#organization"},"potentialAction":[{"@type":"SearchAction","target":{"@type":"EntryPoint","urlTemplate":"https:\/\/digitaldeepsea.com\/es\/?s={search_term_string}"},"query-input":"required name=search_term_string"}],"inLanguage":"es"},{"@type":"Organization","@id":"https:\/\/digitaldeepsea.com\/es\/#organization","name":"Digital Deep Sea","url":"https:\/\/digitaldeepsea.com\/es\/","logo":{"@type":"ImageObject","inLanguage":"es","@id":"https:\/\/digitaldeepsea.com\/es\/#\/schema\/logo\/image\/","url":"https:\/\/digitaldeepsea.com\/es\/wp-content\/uploads\/sites\/3\/2024\/03\/logo_dy_outline_white.png","contentUrl":"https:\/\/digitaldeepsea.com\/es\/wp-content\/uploads\/sites\/3\/2024\/03\/logo_dy_outline_white.png","width":200,"height":114,"caption":"Digital Deep Sea"},"image":{"@id":"https:\/\/digitaldeepsea.com\/es\/#\/schema\/logo\/image\/"}}]}},"_links":{"self":[{"href":"https:\/\/digitaldeepsea.com\/es\/wp-json\/wp\/v2\/pages\/187"}],"collection":[{"href":"https:\/\/digitaldeepsea.com\/es\/wp-json\/wp\/v2\/pages"}],"about":[{"href":"https:\/\/digitaldeepsea.com\/es\/wp-json\/wp\/v2\/types\/page"}],"author":[{"embeddable":true,"href":"https:\/\/digitaldeepsea.com\/es\/wp-json\/wp\/v2\/users\/1"}],"replies":[{"embeddable":true,"href":"https:\/\/digitaldeepsea.com\/es\/wp-json\/wp\/v2\/comments?post=187"}],"version-history":[{"count":1,"href":"https:\/\/digitaldeepsea.com\/es\/wp-json\/wp\/v2\/pages\/187\/revisions"}],"predecessor-version":[{"id":189,"href":"https:\/\/digitaldeepsea.com\/es\/wp-json\/wp\/v2\/pages\/187\/revisions\/189"}],"wp:attachment":[{"href":"https:\/\/digitaldeepsea.com\/es\/wp-json\/wp\/v2\/media?parent=187"}],"curies":[{"name":"wp","href":"https:\/\/api.w.org\/{rel}","templated":true}]}}